{"id":9,"date":"2014-09-22T08:56:20","date_gmt":"2014-09-22T06:56:20","guid":{"rendered":"http:\/\/vrtec-dragatu.splet.arnes.si\/?page_id=9"},"modified":"2024-10-03T09:50:01","modified_gmt":"2024-10-03T07:50:01","slug":"predstavitev","status":"publish","type":"page","link":"https:\/\/www.vrtec-dragatus.si\/?page_id=9","title":{"rendered":"Predstavitev"},"content":{"rendered":"<p style=\"text-align: justify\"><span style=\"color: #000000\">Vrtec Dragatu\u0161 je javni vzgojno-izobra\u017eevalni zavod, ki deluje v sklopu O\u0160 Komandanta Staneta Dragatu\u0161. Izvajamo javno veljavne programe za pred\u0161olske otroke od 11 meseca starosti do vstopa v \u0161olo. <\/span><\/p>\n<p style=\"text-align: justify\"><span style=\"color: #000000\">Na\u0161 vrtec ima le tri oddelke, kar pa je na\u0161a prednost. Med seboj se bolje poznamo, se vsakodnevno sre\u010dujemo s star\u0161i in jih seznanjamo, kako je njihov otrok pre\u017eivel dan v vrtcu. Del na\u0161ega dela lahko star\u0161i spremljajo skozi razstavljene likovne izdelke njihovih otrok na velikih panojih na hodniku. <\/span><\/p>\n<p style=\"text-align: justify\"><span style=\"color: #000000\">Na\u0161a temeljna naloga je kakovostno izvajanje vzgoje, izobra\u017eevanja, nege, varstva in prehrane otrok do vstopa v \u0161olo ter pomo\u010d star\u0161em pri celoviti skrbi za otroka.<\/span><\/p>\n<p style=\"text-align: justify\"><span style=\"color: #000000\">Skrbimo za zadovoljevanje vseh otrokovih potreb, razvijamo njegova mo\u010dna podro\u010dja in s tem pozitivno samovrednotenje. Dopolnjujemo in izbolj\u0161ujemo kakovost \u017eivljenja dru\u017ein in otrok ter ustvarjamo dobre pogoje za razvoj otrokovih telesnih in du\u0161evnih sposobnosti.<\/span><\/p>\n<p style=\"text-align: justify\"><span style=\"color: #000000\">Sodelujemo z razli\u010dnimi zavodi, dru\u0161tvi in vrtci v na\u0161i ob\u010dini z namenom popestritve in bogatitve dnevnega programa in izbolj\u0161anja kvalitete \u017eivljenja otrok v vrtcu.<\/span><\/p>\n<p style=\"text-align: justify\"><span style=\"color: #000000\">\u017delimo si, da v na\u0161 vrtec prihajate z veseljem in skupaj z nami soustvarjate pogoje za razvoj in dobro po\u010dutje otrok.<\/span><\/p>\n<p style=\"text-align: justify\"><span style=\"color: #000000\">\u00a0\u00a0\u00a0\u00a0\u00a0\u00a0\u00a0\u00a0\u00a0\u00a0\u00a0\u00a0\u00a0\u00a0\u00a0\u00a0\u00a0\u00a0\u00a0\u00a0\u00a0\u00a0\u00a0\u00a0\u00a0\u00a0\u00a0\u00a0\u00a0\u00a0\u00a0\u00a0\u00a0\u00a0\u00a0\u00a0\u00a0\u00a0\u00a0\u00a0\u00a0\u00a0\u00a0\u00a0\u00a0\u00a0\u00a0\u00a0\u00a0\u00a0\u00a0\u00a0\u00a0\u00a0\u00a0\u00a0\u00a0\u00a0\u00a0\u00a0\u00a0\u00a0\u00a0\u00a0\u00a0\u00a0\u00a0\u00a0\u00a0\u00a0\u00a0\u00a0\u00a0\u00a0\u00a0\u00a0\u00a0\u00a0\u00a0\u00a0\u00a0\u00a0\u00a0\u00a0\u00a0\u00a0\u00a0\u00a0\u00a0\u00a0\u00a0\u00a0\u00a0\u00a0\u00a0\u00a0\u00a0\u00a0\u00a0\u00a0<a href=\"http:\/\/vrtec-dragatu.splet.arnes.si\/files\/2014\/10\/o\u0161dragtu\u0161-predstavitev.jpg\"><img loading=\"lazy\" decoding=\"async\" class=\"aligncenter  wp-image-193\" src=\"http:\/\/vrtec-dragatu.splet.arnes.si\/files\/2014\/10\/o\u0161dragtu\u0161-predstavitev.jpg\" alt=\"o\u0161dragtu\u0161-predstavitev\" width=\"284\" height=\"212\" \/><\/a>\u00a0\u00a0\u00a0\u00a0\u00a0\u00a0\u00a0\u00a0\u00a0\u00a0\u00a0\u00a0\u00a0\u00a0\u00a0\u00a0\u00a0\u00a0\u00a0\u00a0\u00a0\u00a0\u00a0\u00a0\u00a0\u00a0\u00a0\u00a0\u00a0\u00a0\u00a0\u00a0\u00a0\u00a0\u00a0\u00a0\u00a0\u00a0 \u00a0 \u00a0 \u00a0 \u00a0 \u00a0 \u00a0 \u00a0 \u00a0 \u00a0 \u00a0 \u00a0 \u00a0 \u00a0 \u00a0 \u00a0 \u00a0 \u00a0 \u00a0 \u00a0 \u00a0 \u00a0 \u00a0 \u00a0 \u00a0 \u00a0 \u00a0\u00a0\u00a0 \u00a0 \u00a0 \u00a0 \u00a0\u00a0\u00a0\u00a0\u00a0\u00a0\u00a0\u00a0\u00a0\u00a0\u00a0\u00a0\u00a0\u00a0\u00a0\u00a0\u00a0\u00a0\u00a0\u00a0\u00a0\u00a0\u00a0\u00a0\u00a0\u00a0\u00a0\u00a0\u00a0\u00a0\u00a0\u00a0\u00a0\u00a0\u00a0\u00a0\u00a0\u00a0\u00a0\u00a0\u00a0\u00a0\u00a0\u00a0\u00a0\u00a0\u00a0\u00a0\u00a0\u00a0\u00a0\u00a0\u00a0\u00a0\u00a0\u00a0\u00a0\u00a0\u00a0\u00a0\u00a0\u00a0\u00a0\u00a0\u00a0\u00a0\u00a0\u00a0\u00a0\u00a0\u00a0\u00a0\u00a0\u00a0\u00a0\u00a0\u00a0\u00a0\u00a0\u00a0\u00a0\u00a0\u00a0\u00a0\u00a0\u00a0\u00a0\u00a0\u00a0\u00a0\u00a0\u00a0\u00a0\u00a0\u00a0\u00a0\u00a0\u00a0\u00a0\u00a0\u00a0\u00a0\u00a0\u00a0\u00a0\u00a0\u00a0\u00a0\u00a0\u00a0\u00a0\u00a0\u00a0\u00a0\u00a0\u00a0\u00a0\u00a0\u00a0\u00a0\u00a0\u00a0\u00a0\u00a0\u00a0\u00a0\u00a0\u00a0\u00a0\u00a0\u00a0\u00a0\u00a0\u00a0\u00a0\u00a0\u00a0\u00a0\u00a0 \u00a0 \u00a0 \u00a0 \u00a0 \u00a0 \u00a0 \u00a0 \u00a0 \u00a0 \u00a0\u00a0\u00a0\u00a0\u00a0\u00a0\u00a0\u00a0 Kolektiv enote vrtca pri O\u0160 Dragatu\u0161<\/span><\/p>\n","protected":false},"excerpt":{"rendered":"<p>Vrtec Dragatu\u0161 je javni vzgojno-izobra\u017eevalni zavod, ki deluje v sklopu O\u0160 Komandanta Staneta Dragatu\u0161. Izvajamo javno veljavne programe za pred\u0161olske otroke od 11 meseca starosti do vstopa v \u0161olo. Na\u0161 vrtec ima le tri oddelke, kar pa je na\u0161a prednost. &hellip; <a href=\"https:\/\/www.vrtec-dragatus.si\/?page_id=9\">Beri naprej <span class=\"meta-nav\">&rarr;<\/span><\/a><\/p>\n","protected":false},"author":93194,"featured_media":0,"parent":0,"menu_order":0,"comment_status":"open","ping_status":"closed","template":"","meta":{"ngg_post_thumbnail":0,"footnotes":"","_expiration-date-status":"","_expiration-date":0,"_expiration-date-type":"","_expiration-date-categories":[],"_expiration-date-options":[]},"class_list":["post-9","page","type-page","status-publish","hentry"],"_links":{"self":[{"href":"https:\/\/www.vrtec-dragatus.si\/index.php?rest_route=\/wp\/v2\/pages\/9","targetHints":{"allow":["GET"]}}],"collection":[{"href":"https:\/\/www.vrtec-dragatus.si\/index.php?rest_route=\/wp\/v2\/pages"}],"about":[{"href":"https:\/\/www.vrtec-dragatus.si\/index.php?rest_route=\/wp\/v2\/types\/page"}],"author":[{"embeddable":true,"href":"https:\/\/www.vrtec-dragatus.si\/index.php?rest_route=\/wp\/v2\/users\/93194"}],"replies":[{"embeddable":true,"href":"https:\/\/www.vrtec-dragatus.si\/index.php?rest_route=%2Fwp%2Fv2%2Fcomments&post=9"}],"version-history":[{"count":11,"href":"https:\/\/www.vrtec-dragatus.si\/index.php?rest_route=\/wp\/v2\/pages\/9\/revisions"}],"predecessor-version":[{"id":98,"href":"https:\/\/www.vrtec-dragatus.si\/index.php?rest_route=\/wp\/v2\/pages\/9\/revisions\/98"}],"wp:attachment":[{"href":"https:\/\/www.vrtec-dragatus.si\/index.php?rest_route=%2Fwp%2Fv2%2Fmedia&parent=9"}],"curies":[{"name":"wp","href":"https:\/\/api.w.org\/{rel}","templated":true}]}}