{"id":61,"date":"2014-09-22T09:28:01","date_gmt":"2014-09-22T07:28:01","guid":{"rendered":"http:\/\/vrtec-dragatu.splet.arnes.si\/?page_id=61"},"modified":"2025-06-02T09:27:27","modified_gmt":"2025-06-02T07:27:27","slug":"pravice-in-dolznosti-starsev","status":"publish","type":"page","link":"https:\/\/www.vrtec-dragatus.si\/?page_id=61","title":{"rendered":"Pravice in dol\u017enosti star\u0161ev"},"content":{"rendered":"<p><span style=\"color: #000080\"><strong>PRAVICE STAR\u0160EV, DOLO\u010cENE V MEDNARODNIH DOKUMENTIH, USTAVI IN ZAKONIH<\/strong><\/span><\/p>\n<p><span style=\"color: #000000\">Vrtec je institucija, ki mora skrbeti za uresni\u010devanje temeljnih otrokovih pravic. V demokrati\u010dni dr\u017eavi zastopajo otrokove pravice star\u0161i oziroma njihovi zakoniti zastopniki. Star\u0161i imajo pravico do vpogleda v programe za pred\u0161olske otroke (kurikulum), do obve\u0161\u010denosti o \u017eivljenju in delu v vrtcu in pravico do za\u0161\u010dite zasebnosti, s poudarkom na varstvu osebnih podatkov. Star\u0161i imajo pravico do sodelovanja pri na\u010drtovanju ter organizaciji \u017eivljenja in dela v vrtcu in skupini, kar jim mora vrtec formalno omogo\u010diti. Pri tem morajo upo\u0161tevati meje svojega soodlo\u010danja in ne smejo posegati v strokovno avtonomnost vrtca. Ob vstopu otroka v vrtec se star\u0161em v dogovoru z vzgojiteljico omogo\u010di postopno uvajanje otroka.<\/span><\/p>\n<p><span style=\"color: #000080\"><strong>OBVEZNOSTI STAR\u0160EV DO VRTCA:<\/strong><\/span><\/p>\n<p>\u2022<span style=\"color: #000000\"> da svojega otroka vpi\u0161ete v vrtec in izpi\u0161ete iz vrtca tako, da izpolnite ustrezen obrazec;<\/span><br \/>\n<span style=\"color: #000000\"> \u2022 redni vpis je v mesecu aprilu, v kolikor je v posameznih oddelkih prostor lahko vpisujete celo leto;<\/span><br \/>\n<span style=\"color: #000000\"> \u2022 da redno poravnate finan\u010dne obveznosti za opravljene storitve;<\/span><br \/>\n<span style=\"color: #000000\"> \u2022 da pla\u010date ceno nadstandardnih programov, \u010de ste otroka prijavili v tak program;<\/span><br \/>\n<span style=\"color: #000000\"> \u2022 da spo\u0161tujete sprejete dogovore in na\u0161 poslovni \u010das;<\/span><br \/>\n<span style=\"color: #000000\"> \u2022 da v primeru nalezljivih otro\u0161kih bolezni to takoj sporo\u010dite odgovorni osebi v vrtcu;<\/span><br \/>\n<span style=\"color: #000000\"> \u2022 da v vrtec pripeljete otroka, ki s svojim zdravstvenim stanjem ne ogro\u017ea sebe in drugih;<\/span><br \/>\n<span style=\"color: #000000\"> \u2022 da najkasneje na dan vstopa otroka v vrtec vzgojiteljici izro\u010dite zdravni\u0161ko potrdilo o zdravstvenem stanju otroka;<\/span><br \/>\n<span style=\"color: #000000\"> \u2022 da ob sprejemu otroka opozorite na posebnosti otroka, ki so pomembne za njegovo varnost in zdravje oz. prilo\u017eite navodilo zdravnika;<\/span><br \/>\n<span style=\"color: #000000\"> \u2022 da so otroci obuti in oble\u010deni vremenu in napovedanim dejavnostim primerno;<\/span><br \/>\n<span style=\"color: #000000\"> \u2022 da mlaj\u0161e otroke uvajate v vrtec postopno in ob svoji prisotnosti v dogovoru z vzgojiteljico;<\/span><br \/>\n<span style=\"color: #000000\"> \u2022 da sproti obve\u0161\u010date vzgojiteljico o spremembi podatkov o svoji dosegljivosti v \u010dasu bivanja otroka v vrtcu;<\/span><br \/>\n<span style=\"color: #000000\"> \u2022 da se zanimate za otrokov razvoj in se vklju\u010dujete v organizirane oblike sodelovanja z vrtcem.<\/span><\/p>\n<p><span style=\"color: #000080\"><strong>PLA\u010cILO VRTCA<\/strong><\/span><\/p>\n<p><span style=\"color: #000000\">Osnova za izra\u010dun vi\u0161ine prispevka star\u0161ev je dohodek na dru\u017einskega \u010dlana v primerjavi s povpre\u010dno pla\u010do na zaposlenega v Republiki Sloveniji. Na podlagi te osnove je izdelana lestvica, ki star\u0161e razvr\u0161\u010da v pla\u010dilne razrede.&nbsp;<\/span><\/p>\n<p><span style=\"color: #000000\">Zni\u017eano pla\u010dilo vrtca lahko uveljavljate z enotno vlogo &#8211; vloga za uveljavljanje pravic iz javnih sredstev. Vlogo oddate na pristojnem centru za socialno delo. <strong>Vlogo oddate v mesecu pred potekom veljavnosti odlo\u010dbe oz.&nbsp; 15 dni pred vklju\u010ditvijo otroka v vrtec.<\/strong><\/span><\/p>\n<p><span style=\"color: #000000\">Star\u0161i redno in pravo\u010dasno pla\u010dujejo svoj dele\u017e cene programa (najkasneje v osmih dneh po prejemu polo\u017enice).<\/span><\/p>\n<p><span style=\"color: #000000\">&nbsp;<\/span><span style=\"color: #000000\">V primeru nepla\u010dila mese\u010dnega prispevka vrtec spro\u017ei postopek za izterjavo dolga z obrestmi in s stro\u0161ki postopka v skladu z zakonom.<\/span><\/p>\n<p>Star\u0161i, ki imajo v vrtec&nbsp;<strong>hkrati vklju\u010dena dva otroka, so pla\u010dila za mlaj\u0161ega otroka opro\u0161\u010deni<\/strong>. Star\u0161i so&nbsp;<strong>opro\u0161\u010deni pla\u010dila za vrtec tudi za tretjega in vsakega nadaljnjega otroka iz iste dru\u017eine, ne glede na to, ali je v vrtec vklju\u010den hkrati s svojim sorojencem<\/strong>.<\/p>\n<p><span style=\"color: #800080\"><strong>Pla\u010dilo star\u0161ev v odstotku od cene programa<\/strong><\/span><\/p>\n<table style=\"width: 95.4378%;height: 250px\">\n<tbody>\n<tr style=\"height: 48px\">\n<td style=\"width: 25.3682%;height: 48px\"><span style=\"color: #000000\"><strong>dohodkovni razred<\/strong><\/span><\/td>\n<td style=\"width: 38.4615%;height: 48px\"><span style=\"color: #000000\"><strong>povpre\u010dni mese\u010dni dohodek na osebo (<\/strong><\/span><strong>v evrih)<\/strong><\/td>\n<td style=\"width: 36.0065%;height: 48px\"><span style=\"color: #000000\"><strong>pla\u010dilo star\u0161ev v odstotku od cene programa<\/strong><\/span><\/td>\n<\/tr>\n<tr style=\"height: 24px\">\n<td style=\"width: 25.3682%;height: 24px\"><span style=\"color: #000000\"><strong>1<\/strong><\/span><\/td>\n<td style=\"width: 38.4615%;height: 24px\">do 235,14<\/td>\n<td style=\"width: 36.0065%;height: 24px\"><span style=\"color: #000000\">\/<\/span><\/td>\n<\/tr>\n<tr style=\"height: 24px\">\n<td style=\"width: 25.3682%;height: 24px\"><span style=\"color: #000000\"><strong>2<\/strong><\/span><\/td>\n<td style=\"width: 38.4615%;height: 24px\">od 235,15 do 391,92<\/td>\n<td style=\"width: 36.0065%;height: 24px\"><span style=\"color: #000000\">10 %<\/span><\/td>\n<\/tr>\n<tr style=\"height: 24px\">\n<td style=\"width: 25.3682%;height: 24px\"><span style=\"color: #000000\"><strong>3<\/strong><\/span><\/td>\n<td style=\"width: 38.4615%;height: 24px\">od 391,93 do 470,31<\/td>\n<td style=\"width: 36.0065%;height: 24px\"><span style=\"color: #000000\">20 %<\/span><\/td>\n<\/tr>\n<tr style=\"height: 24px\">\n<td style=\"width: 25.3682%;height: 24px\"><span style=\"color: #000000\"><strong>4<\/strong><\/span><\/td>\n<td style=\"width: 38.4615%;height: 24px\">od 470,32 do 548,69<\/td>\n<td style=\"width: 36.0065%;height: 24px\"><span style=\"color: #000000\">30 %<\/span><\/td>\n<\/tr>\n<tr style=\"height: 24px\">\n<td style=\"width: 25.3682%;height: 24px\"><span style=\"color: #000000\"><strong>5<\/strong><\/span><\/td>\n<td class=\"align-justify\" style=\"width: 38.4615%;height: 24px\">od 548,70 do 692,42<\/td>\n<td style=\"width: 36.0065%;height: 24px\"><span style=\"color: #000000\">35 %<\/span><\/td>\n<\/tr>\n<tr style=\"height: 24px\">\n<td style=\"width: 25.3682%;height: 24px\"><span style=\"color: #000000\"><strong>6<\/strong><\/span><\/td>\n<td style=\"width: 38.4615%;height: 24px\">od 692,43 do 836,10<\/td>\n<td style=\"width: 36.0065%;height: 24px\"><span style=\"color: #000000\">43 %<\/span><\/td>\n<\/tr>\n<tr style=\"height: 24px\">\n<td style=\"width: 25.3682%;height: 24px\"><span style=\"color: #000000\"><strong>7<\/strong><\/span><\/td>\n<td style=\"width: 38.4615%;height: 24px\">od 836,11 do 1.071,28<\/td>\n<td style=\"width: 36.0065%;height: 24px\"><span style=\"color: #000000\">53 %<\/span><\/td>\n<\/tr>\n<tr style=\"height: 24px\">\n<td style=\"width: 25.3682%;height: 24px\"><span style=\"color: #000000\"><strong>8<\/strong><\/span><\/td>\n<td style=\"width: 38.4615%;height: 24px\">od 1.071,29 do 1.293,36<\/td>\n<td style=\"width: 36.0065%;height: 24px\"><span style=\"color: #000000\">66 %<\/span><\/td>\n<\/tr>\n<tr>\n<td class=\"align-left\" style=\"width: 25.3682%\"><strong>9<\/strong><\/td>\n<td class=\"align-left\" style=\"width: 38.4615%\">od 1.293,37<\/td>\n<td class=\"align-left\" style=\"width: 36.0065%\"><strong>77%<\/strong><\/td>\n<\/tr>\n<\/tbody>\n<\/table>\n<p><strong>Opomba:<\/strong>&nbsp;Velja za vse vloge, vlo\u017eene od 1. februarja 2025 (priznanje pravice s 1. marcem 2025). \u0160tevilke predstavljajo zneske v evrih.<\/p>\n<p><span style=\"color: #000000\"><strong>Star\u0161em, ki ne uveljavljajo zni\u017eanega pla\u010dila vrtca<\/strong> (in so zavezanci za dohodnino v Republiki Sloveniji), vrtec izstavi ra\u010dun v vi\u0161ini najvi\u0161jega dohodkovnega razreda po lestvici (77 %).<\/span><\/p>\n<p><strong>Od 1. 5. 2025<\/strong> je cena programa prvega starostnega obdobja <strong>718,41&nbsp;EUR<\/strong> in drugega starostnega&nbsp; obdobja <strong>538,94&nbsp;EUR. <\/strong>Mese\u010dni stro\u0161ek \u017eivil na otroka zna\u0161a <strong>52,50 EUR, <\/strong>dnevni stro\u0161ek pa <strong>2,50 EUR.<\/strong><\/p>\n<p>Cene programov pred\u0161olske vzgoje v vrtcih na obmo\u010dju Ob\u010dine \u010crnomelj je potrdil in sprejel ob\u010dinski svet na19. redni seji dne 10. 4. 2025. Sklep o dolo\u010ditvi cen programov v vrtcih na obmo\u010dju Ob\u010dine \u010crnomelj je objavljen v Uradnem listu RS, \u0161t. 26\/2025, z dne 10. 4. 2025. Ve\u010d si lahko preberete<a href=\"https:\/\/www.uradni-list.si\/glasilo-uradni-list-rs\/vsebina\/2025-01-0975\/sklep-o-dolocitvi-cen-programov-v-vrtcih-na-obmocju-obcine-crnomelj\" target=\"_blank\" rel=\"noopener\"> tukaj.<\/a><\/p>\n","protected":false},"excerpt":{"rendered":"<p>PRAVICE STAR\u0160EV, DOLO\u010cENE V MEDNARODNIH DOKUMENTIH, USTAVI IN ZAKONIH Vrtec je institucija, ki mora skrbeti za uresni\u010devanje temeljnih otrokovih pravic. V demokrati\u010dni dr\u017eavi zastopajo otrokove pravice star\u0161i oziroma njihovi zakoniti zastopniki. Star\u0161i imajo pravico do vpogleda v programe za pred\u0161olske &hellip; <a href=\"https:\/\/www.vrtec-dragatus.si\/?page_id=61\">Beri naprej <span class=\"meta-nav\">&rarr;<\/span><\/a><\/p>\n","protected":false},"author":93194,"featured_media":0,"parent":0,"menu_order":0,"comment_status":"open","ping_status":"closed","template":"","meta":{"ngg_post_thumbnail":0,"footnotes":"","_expiration-date-status":"","_expiration-date":0,"_expiration-date-type":"","_expiration-date-categories":[],"_expiration-date-options":[]},"class_list":["post-61","page","type-page","status-publish","hentry"],"_links":{"self":[{"href":"https:\/\/www.vrtec-dragatus.si\/index.php?rest_route=\/wp\/v2\/pages\/61","targetHints":{"allow":["GET"]}}],"collection":[{"href":"https:\/\/www.vrtec-dragatus.si\/index.php?rest_route=\/wp\/v2\/pages"}],"about":[{"href":"https:\/\/www.vrtec-dragatus.si\/index.php?rest_route=\/wp\/v2\/types\/page"}],"author":[{"embeddable":true,"href":"https:\/\/www.vrtec-dragatus.si\/index.php?rest_route=\/wp\/v2\/users\/93194"}],"replies":[{"embeddable":true,"href":"https:\/\/www.vrtec-dragatus.si\/index.php?rest_route=%2Fwp%2Fv2%2Fcomments&post=61"}],"version-history":[{"count":15,"href":"https:\/\/www.vrtec-dragatus.si\/index.php?rest_route=\/wp\/v2\/pages\/61\/revisions"}],"predecessor-version":[{"id":24599,"href":"https:\/\/www.vrtec-dragatus.si\/index.php?rest_route=\/wp\/v2\/pages\/61\/revisions\/24599"}],"wp:attachment":[{"href":"https:\/\/www.vrtec-dragatus.si\/index.php?rest_route=%2Fwp%2Fv2%2Fmedia&parent=61"}],"curies":[{"name":"wp","href":"https:\/\/api.w.org\/{rel}","templated":true}]}}