{"id":6,"date":"2014-09-22T07:50:51","date_gmt":"2014-09-22T05:50:51","guid":{"rendered":"http:\/\/vrtec-dragatu.splet.arnes.si\/?page_id=6"},"modified":"2024-10-03T14:15:11","modified_gmt":"2024-10-03T12:15:11","slug":"o-vrtcu","status":"publish","type":"page","link":"https:\/\/www.vrtec-dragatus.si\/?page_id=6","title":{"rendered":"O VRTCU"},"content":{"rendered":"<p><span style=\"color: #000080\"><strong><a href=\"http:\/\/vrtec-dragatu.splet.arnes.si\/files\/2014\/09\/\u010deb.jpg\"><img loading=\"lazy\" decoding=\"async\" class=\"aligncenter size-full wp-image-260\" src=\"http:\/\/vrtec-dragatu.splet.arnes.si\/files\/2014\/09\/\u010deb.jpg\" alt=\"\u010deb\" width=\"358\" height=\"342\"\/><\/a> Vrtec pri O\u0160 komandanta Staneta Dragatu\u0161 ni samostojna javna<br \/>\nvzgojno-varstvena enota, saj deluje pod okriljem javnega vzgojno-<br \/>\nizobra\u017eevalnega zavoda O\u0160 Komandanta Staneta Dragatu\u0161.<br \/>\nVodstveni, finan\u010dno-administrativni in tehni\u010dni kader je skupen. Za<br \/>\nnemoten potek vzgojno-izobra\u017eevalnega dela skrbijo 3 vzgojiteljice<br \/>\nin 4 pomo\u010dnice vzgojiteljic.<br \/>\nOtrokom so na voljo igralnice opremljene z igralnimi koti\u010dki ter<br \/>\nteraso (prva staro obdobje), kjer se izvaja vzgojno izobra\u017eevalni<br \/>\nprogram. Najstarej\u0161a skupina trenutno, zaradi prostorske stiske, za<br \/>\nsvojo igralnico uporablja u\u010dilnico, ki je prilagojena potrebam otrok.<\/strong><\/span><\/p>\n","protected":false},"excerpt":{"rendered":"<p>Vrtec pri O\u0160 komandanta Staneta Dragatu\u0161 ni samostojna javna vzgojno-varstvena enota, saj deluje pod okriljem javnega vzgojno- izobra\u017eevalnega zavoda O\u0160 Komandanta Staneta Dragatu\u0161. Vodstveni, finan\u010dno-administrativni in tehni\u010dni kader je skupen. Za nemoten potek vzgojno-izobra\u017eevalnega dela skrbijo 3 vzgojiteljice in 4 &hellip; <a href=\"https:\/\/www.vrtec-dragatus.si\/?page_id=6\">Beri naprej <span class=\"meta-nav\">&rarr;<\/span><\/a><\/p>\n","protected":false},"author":93194,"featured_media":0,"parent":0,"menu_order":0,"comment_status":"open","ping_status":"closed","template":"","meta":{"ngg_post_thumbnail":0,"footnotes":"","_expiration-date-status":"","_expiration-date":0,"_expiration-date-type":"","_expiration-date-categories":[],"_expiration-date-options":[]},"class_list":["post-6","page","type-page","status-publish","hentry"],"_links":{"self":[{"href":"https:\/\/www.vrtec-dragatus.si\/index.php?rest_route=\/wp\/v2\/pages\/6","targetHints":{"allow":["GET"]}}],"collection":[{"href":"https:\/\/www.vrtec-dragatus.si\/index.php?rest_route=\/wp\/v2\/pages"}],"about":[{"href":"https:\/\/www.vrtec-dragatus.si\/index.php?rest_route=\/wp\/v2\/types\/page"}],"author":[{"embeddable":true,"href":"https:\/\/www.vrtec-dragatus.si\/index.php?rest_route=\/wp\/v2\/users\/93194"}],"replies":[{"embeddable":true,"href":"https:\/\/www.vrtec-dragatus.si\/index.php?rest_route=%2Fwp%2Fv2%2Fcomments&post=6"}],"version-history":[{"count":5,"href":"https:\/\/www.vrtec-dragatus.si\/index.php?rest_route=\/wp\/v2\/pages\/6\/revisions"}],"predecessor-version":[{"id":24005,"href":"https:\/\/www.vrtec-dragatus.si\/index.php?rest_route=\/wp\/v2\/pages\/6\/revisions\/24005"}],"wp:attachment":[{"href":"https:\/\/www.vrtec-dragatus.si\/index.php?rest_route=%2Fwp%2Fv2%2Fmedia&parent=6"}],"curies":[{"name":"wp","href":"https:\/\/api.w.org\/{rel}","templated":true}]}}