{"id":52,"date":"2014-09-22T09:26:37","date_gmt":"2014-09-22T07:26:37","guid":{"rendered":"http:\/\/vrtec-dragatu.splet.arnes.si\/?page_id=52"},"modified":"2025-12-08T11:09:39","modified_gmt":"2025-12-08T10:09:39","slug":"svet-starsev","status":"publish","type":"page","link":"https:\/\/www.vrtec-dragatus.si\/?page_id=52","title":{"rendered":"Svet star\u0161ev"},"content":{"rendered":"<p><span style=\"color: #000000\">Star\u0161i lahko svoje interese uresni\u010dujejo tudi preko sveta star\u0161ev, ki je sestavljen iz posameznih predstavnikov vsakega oddelka. Skupaj z vrtcem se predstavniki sveta star\u0161ev trudijo zagotoviti otrokom \u010dim bolj\u0161e pogoje za dobro po\u010dutje, prijetno okolje in ustvarjalno igro.<\/span><\/p>\n<p><span style=\"color: #800080\"><strong>Predstavniki star\u0161ev v Svetu star\u0161ev v \u0161olskem letu 2025\/2026 so:<\/strong><\/span><\/p>\n<table style=\"width: 758px\">\n<tbody>\n<tr>\n<td style=\"width: 303px\" width=\"299\"><span style=\"color: #000000\">SKUPINE<\/span><\/td>\n<td style=\"width: 455px\" width=\"307\"><span style=\"color: #000000\">PREDSTAVNIKI<\/span><\/td>\n<\/tr>\n<tr>\n<td style=\"width: 303px\" width=\"299\"><span style=\"color: #000000\">Mehur\u010dki (1\u22123 leti)<\/span><\/td>\n<td style=\"width: 455px\" width=\"307\">Tamara Ko\u010devar Cerar<\/td>\n<\/tr>\n<tr>\n<td style=\"width: 303px\" width=\"299\"><span style=\"color: #000000\">\u010cebelice (2\u22125 let)<\/span><\/td>\n<td style=\"width: 455px\" width=\"307\">Marina An\u017ei\u010d<\/td>\n<\/tr>\n<tr>\n<td style=\"width: 303px\" width=\"299\"><span style=\"color: #000000\">Cicibani (4\u22126 let)<\/span><\/td>\n<td style=\"width: 455px\" width=\"307\">Petra Flajnik<\/td>\n<\/tr>\n<\/tbody>\n<\/table>\n<p>&nbsp;<\/p>\n","protected":false},"excerpt":{"rendered":"<p>Star\u0161i lahko svoje interese uresni\u010dujejo tudi preko sveta star\u0161ev, ki je sestavljen iz posameznih predstavnikov vsakega oddelka. Skupaj z vrtcem se predstavniki sveta star\u0161ev trudijo zagotoviti otrokom \u010dim bolj\u0161e pogoje za dobro po\u010dutje, prijetno okolje in ustvarjalno igro. Predstavniki star\u0161ev &hellip; <a href=\"https:\/\/www.vrtec-dragatus.si\/?page_id=52\">Beri naprej <span class=\"meta-nav\">&rarr;<\/span><\/a><\/p>\n","protected":false},"author":93194,"featured_media":0,"parent":0,"menu_order":0,"comment_status":"open","ping_status":"closed","template":"","meta":{"ngg_post_thumbnail":0,"footnotes":""},"class_list":["post-52","page","type-page","status-publish","hentry"],"publishpress_future_action":{"enabled":false,"date":"2026-05-23 00:56:08","action":"change-status","newStatus":"draft","terms":[],"taxonomy":"","extraData":[]},"publishpress_future_workflow_manual_trigger":{"enabledWorkflows":[]},"_links":{"self":[{"href":"https:\/\/www.vrtec-dragatus.si\/index.php?rest_route=\/wp\/v2\/pages\/52","targetHints":{"allow":["GET"]}}],"collection":[{"href":"https:\/\/www.vrtec-dragatus.si\/index.php?rest_route=\/wp\/v2\/pages"}],"about":[{"href":"https:\/\/www.vrtec-dragatus.si\/index.php?rest_route=\/wp\/v2\/types\/page"}],"author":[{"embeddable":true,"href":"https:\/\/www.vrtec-dragatus.si\/index.php?rest_route=\/wp\/v2\/users\/93194"}],"replies":[{"embeddable":true,"href":"https:\/\/www.vrtec-dragatus.si\/index.php?rest_route=%2Fwp%2Fv2%2Fcomments&post=52"}],"version-history":[{"count":15,"href":"https:\/\/www.vrtec-dragatus.si\/index.php?rest_route=\/wp\/v2\/pages\/52\/revisions"}],"predecessor-version":[{"id":24767,"href":"https:\/\/www.vrtec-dragatus.si\/index.php?rest_route=\/wp\/v2\/pages\/52\/revisions\/24767"}],"wp:attachment":[{"href":"https:\/\/www.vrtec-dragatus.si\/index.php?rest_route=%2Fwp%2Fv2%2Fmedia&parent=52"}],"curies":[{"name":"wp","href":"https:\/\/api.w.org\/{rel}","templated":true}]}}