{"id":46,"date":"2014-09-22T09:08:01","date_gmt":"2014-09-22T07:08:01","guid":{"rendered":"http:\/\/vrtec-dragatu.splet.arnes.si\/?page_id=46"},"modified":"2025-04-14T08:33:39","modified_gmt":"2025-04-14T06:33:39","slug":"pravilniki","status":"publish","type":"page","link":"https:\/\/www.vrtec-dragatus.si\/?page_id=46","title":{"rendered":"Pravilniki"},"content":{"rendered":"<p><strong><a href=\"https:\/\/www.vrtec-dragatus.si\/files\/2025\/04\/PRAVILNIKA_sprejem-otrok_Dragatus_2025-6.pdf\" target=\"_blank\" rel=\"noopener\">PRAVILNIK<\/a> o kriterijih in na\u010dinu sprejemanja pred\u0161olskih otrok v enoti vrtca pri O\u0160 Dragatu\u0161 10. 4. 2025<\/strong><\/p>\n<p>&nbsp;<\/p>\n<p><strong><a href=\"http:\/\/www.uradni-list.si\/1\/content?id=97189\" target=\"_blank\" rel=\"noopener\">P R A V I L N I K<\/a> <span style=\"color: #000000\">o kriterijih in na\u010dinu sprejemanja pred\u0161olskih otrok v <\/span><\/strong><strong><span style=\"color: #000000\">enoti vrtca pri O\u0160 Dragatu\u0161<\/span> <\/strong><\/p>\n<p><strong><a href=\"http:\/\/www.uradni-list.si\/1\/content?id=103619\" target=\"_blank\" rel=\"noopener\">P R A V I L N I K<\/a> <span style=\"color: #000000\">o spremembah in dopolnitvah Pravilnika o kriterijih in na\u010dinu sprejemanja pred\u0161olskih otrok v enoti vrtca pri O\u0160 Dragatu\u0161<\/span><\/strong><\/p>\n<p><strong><a href=\"https:\/\/www.vrtec-dragatus.si\/files\/2023\/03\/Pravilnik-o-kriterijih-in-nacinu-sprejemanja-predsolskih-otrok-v-enoti-vrtca-pri-OS-Dragatus.docx.pdf\" target=\"_blank\" rel=\"noopener\">P R A V I L N I K<\/a> <span style=\"color: #000000\">o spremembah in dopolnitvah Pravilnika o kriterijih in na\u010dinu sprejemanja pred\u0161olskih otrok v enoti vrtca pri O\u0160 Dragatu\u0161 (Uradni list RS, \u0161t. 28\/2023 z dne 3. 3. 2023)<\/span><\/strong><\/p>\n<p>&nbsp;<\/p>\n<p><span style=\"color: #000000\">&nbsp;<\/span><\/p>\n","protected":false},"excerpt":{"rendered":"<p>PRAVILNIK o kriterijih in na\u010dinu sprejemanja pred\u0161olskih otrok v enoti vrtca pri O\u0160 Dragatu\u0161 10. 4. 2025 &nbsp; P R A V I L N I K o kriterijih in na\u010dinu sprejemanja pred\u0161olskih otrok v enoti vrtca pri O\u0160 Dragatu\u0161 &hellip; <a href=\"https:\/\/www.vrtec-dragatus.si\/?page_id=46\">Beri naprej <span class=\"meta-nav\">&rarr;<\/span><\/a><\/p>\n","protected":false},"author":93194,"featured_media":0,"parent":0,"menu_order":0,"comment_status":"open","ping_status":"closed","template":"","meta":{"ngg_post_thumbnail":0,"footnotes":"","_expiration-date-status":"","_expiration-date":0,"_expiration-date-type":"","_expiration-date-categories":[],"_expiration-date-options":[]},"class_list":["post-46","page","type-page","status-publish","hentry"],"_links":{"self":[{"href":"https:\/\/www.vrtec-dragatus.si\/index.php?rest_route=\/wp\/v2\/pages\/46","targetHints":{"allow":["GET"]}}],"collection":[{"href":"https:\/\/www.vrtec-dragatus.si\/index.php?rest_route=\/wp\/v2\/pages"}],"about":[{"href":"https:\/\/www.vrtec-dragatus.si\/index.php?rest_route=\/wp\/v2\/types\/page"}],"author":[{"embeddable":true,"href":"https:\/\/www.vrtec-dragatus.si\/index.php?rest_route=\/wp\/v2\/users\/93194"}],"replies":[{"embeddable":true,"href":"https:\/\/www.vrtec-dragatus.si\/index.php?rest_route=%2Fwp%2Fv2%2Fcomments&post=46"}],"version-history":[{"count":8,"href":"https:\/\/www.vrtec-dragatus.si\/index.php?rest_route=\/wp\/v2\/pages\/46\/revisions"}],"predecessor-version":[{"id":24536,"href":"https:\/\/www.vrtec-dragatus.si\/index.php?rest_route=\/wp\/v2\/pages\/46\/revisions\/24536"}],"wp:attachment":[{"href":"https:\/\/www.vrtec-dragatus.si\/index.php?rest_route=%2Fwp%2Fv2%2Fmedia&parent=46"}],"curies":[{"name":"wp","href":"https:\/\/api.w.org\/{rel}","templated":true}]}}