{"id":43,"date":"2014-09-22T09:05:12","date_gmt":"2014-09-22T07:05:12","guid":{"rendered":"http:\/\/vrtec-dragatu.splet.arnes.si\/?page_id=43"},"modified":"2024-10-03T09:51:46","modified_gmt":"2024-10-03T07:51:46","slug":"sodelovanje-s-starsi","status":"publish","type":"page","link":"https:\/\/www.vrtec-dragatus.si\/?page_id=43","title":{"rendered":"Sodelovanje s star\u0161i"},"content":{"rendered":"<p><span style=\"color: #000080\"><strong>PROGRAM SODELOVANJA S STAR\u0160I<\/strong><\/span><\/p>\n<p><span style=\"color: #000000\"><strong>&nbsp;<\/strong>Sodelovanje s star\u0161i je zelo pomemben element, saj se zavedamo, da ima dru\u017eina najve\u010dji vpliv na otroka. Star\u0161i so otrokovi prvi vzgojitelji, zato z njimi poglobljeno sodelujemo.<\/span><\/p>\n<p><span style=\"color: #000000\">&nbsp;<\/span><\/p>\n<p><span style=\"color: #800080\"><strong>OBLIKE SODELOVANJA S STAR\u0160I<\/strong><\/span><\/p>\n<table>\n<tbody>\n<tr>\n<td style=\"text-align: left\" width=\"244\">OBLIKA SODELOVANJA<\/td>\n<td style=\"text-align: left\">KDAJ<\/td>\n<td style=\"text-align: left\" width=\"196\">IZVAJALEC<\/td>\n<\/tr>\n<tr>\n<td width=\"244\">Roditeljski sestanek<\/td>\n<td>september, po potrebi<\/td>\n<td width=\"196\">strokovne delavke<\/td>\n<\/tr>\n<tr>\n<td width=\"244\">Sestanek Sveta star\u0161ev<\/td>\n<td>september, po potrebi<\/td>\n<td width=\"196\">\u010dlani Sveta star\u0161ev<\/td>\n<\/tr>\n<tr>\n<td width=\"244\">Delavnice za star\u0161e<\/td>\n<td>po dogovoru<\/td>\n<td width=\"196\">strokovne delavke<\/td>\n<\/tr>\n<tr>\n<td width=\"244\">Pogovorne ure<\/td>\n<td>1 x mese\u010dno<\/td>\n<td width=\"196\">strokovne delavke<\/td>\n<\/tr>\n<tr>\n<td width=\"244\">Sodelovanje pri dejavnostih, branje<\/td>\n<td>po dogovoru<\/td>\n<td width=\"196\">star\u0161i, strokovne delavke<\/td>\n<\/tr>\n<tr>\n<td width=\"244\">Zaklju\u010dna prireditev<\/td>\n<td>junij<\/td>\n<td width=\"196\">star\u0161i, str. delavke, otroci<\/td>\n<\/tr>\n<tr>\n<td width=\"244\">Publikacija vrtca &#8211; na spletu<\/td>\n<td>september<\/td>\n<td width=\"196\">pom. ravnatelja za vrtec<\/td>\n<\/tr>\n<tr>\n<td width=\"244\">Informacije na oglasnih deskah<\/td>\n<td>vsakodnevno<\/td>\n<td width=\"196\">strokovne delavke<\/td>\n<\/tr>\n<tr>\n<td width=\"244\">Dnevni kontakti<\/td>\n<td>vsakodnevno \u2013 individ.<\/td>\n<td width=\"196\">strokovne delavke<\/td>\n<\/tr>\n<tr>\n<td width=\"244\">Praznovanje rojstnih dni v vrtcu<\/td>\n<td>po dogovoru<\/td>\n<td width=\"196\">star\u0161i, otroci, str. delavke<\/td>\n<\/tr>\n<tr>\n<td style=\"text-align: left\" width=\"244\">Telefonski stiki<\/td>\n<td>&nbsp;po potrebi<\/td>\n<td width=\"196\">&nbsp;strokovne delavke<\/td>\n<\/tr>\n<tr>\n<td width=\"244\">&nbsp;<\/td>\n<td>&nbsp;<\/td>\n<td width=\"196\">&nbsp;<\/td>\n<\/tr>\n<\/tbody>\n<\/table>\n<p>&nbsp;<\/p>\n","protected":false},"excerpt":{"rendered":"<p>PROGRAM SODELOVANJA S STAR\u0160I &nbsp;Sodelovanje s star\u0161i je zelo pomemben element, saj se zavedamo, da ima dru\u017eina najve\u010dji vpliv na otroka. Star\u0161i so otrokovi prvi vzgojitelji, zato z njimi poglobljeno sodelujemo. &nbsp; OBLIKE SODELOVANJA S STAR\u0160I OBLIKA SODELOVANJA KDAJ IZVAJALEC &hellip; <a href=\"https:\/\/www.vrtec-dragatus.si\/?page_id=43\">Beri naprej <span class=\"meta-nav\">&rarr;<\/span><\/a><\/p>\n","protected":false},"author":93194,"featured_media":0,"parent":0,"menu_order":0,"comment_status":"open","ping_status":"closed","template":"","meta":{"ngg_post_thumbnail":0,"footnotes":"","_expiration-date-status":"","_expiration-date":0,"_expiration-date-type":"","_expiration-date-categories":[],"_expiration-date-options":[]},"class_list":["post-43","page","type-page","status-publish","hentry"],"_links":{"self":[{"href":"https:\/\/www.vrtec-dragatus.si\/index.php?rest_route=\/wp\/v2\/pages\/43","targetHints":{"allow":["GET"]}}],"collection":[{"href":"https:\/\/www.vrtec-dragatus.si\/index.php?rest_route=\/wp\/v2\/pages"}],"about":[{"href":"https:\/\/www.vrtec-dragatus.si\/index.php?rest_route=\/wp\/v2\/types\/page"}],"author":[{"embeddable":true,"href":"https:\/\/www.vrtec-dragatus.si\/index.php?rest_route=\/wp\/v2\/users\/93194"}],"replies":[{"embeddable":true,"href":"https:\/\/www.vrtec-dragatus.si\/index.php?rest_route=%2Fwp%2Fv2%2Fcomments&post=43"}],"version-history":[{"count":7,"href":"https:\/\/www.vrtec-dragatus.si\/index.php?rest_route=\/wp\/v2\/pages\/43\/revisions"}],"predecessor-version":[{"id":23975,"href":"https:\/\/www.vrtec-dragatus.si\/index.php?rest_route=\/wp\/v2\/pages\/43\/revisions\/23975"}],"wp:attachment":[{"href":"https:\/\/www.vrtec-dragatus.si\/index.php?rest_route=%2Fwp%2Fv2%2Fmedia&parent=43"}],"curies":[{"name":"wp","href":"https:\/\/api.w.org\/{rel}","templated":true}]}}