{"id":40,"date":"2014-09-22T09:04:43","date_gmt":"2014-09-22T07:04:43","guid":{"rendered":"http:\/\/vrtec-dragatu.splet.arnes.si\/?page_id=40"},"modified":"2024-10-08T12:37:14","modified_gmt":"2024-10-08T10:37:14","slug":"koticek-za-starse","status":"publish","type":"page","link":"https:\/\/www.vrtec-dragatus.si\/?page_id=40","title":{"rendered":"KOTI\u010cEK ZA STAR\u0160E"},"content":{"rendered":"<p>KOTI\u010cEK ZA STAR\u0160E&nbsp;<\/p>\n","protected":false},"excerpt":{"rendered":"<p>KOTI\u010cEK ZA STAR\u0160E&nbsp;<\/p>\n","protected":false},"author":93194,"featured_media":0,"parent":0,"menu_order":0,"comment_status":"open","ping_status":"closed","template":"","meta":{"ngg_post_thumbnail":0,"footnotes":"","_expiration-date-status":"","_expiration-date":0,"_expiration-date-type":"","_expiration-date-categories":[],"_expiration-date-options":[]},"class_list":["post-40","page","type-page","status-publish","hentry"],"_links":{"self":[{"href":"https:\/\/www.vrtec-dragatus.si\/index.php?rest_route=\/wp\/v2\/pages\/40","targetHints":{"allow":["GET"]}}],"collection":[{"href":"https:\/\/www.vrtec-dragatus.si\/index.php?rest_route=\/wp\/v2\/pages"}],"about":[{"href":"https:\/\/www.vrtec-dragatus.si\/index.php?rest_route=\/wp\/v2\/types\/page"}],"author":[{"embeddable":true,"href":"https:\/\/www.vrtec-dragatus.si\/index.php?rest_route=\/wp\/v2\/users\/93194"}],"replies":[{"embeddable":true,"href":"https:\/\/www.vrtec-dragatus.si\/index.php?rest_route=%2Fwp%2Fv2%2Fcomments&post=40"}],"version-history":[{"count":2,"href":"https:\/\/www.vrtec-dragatus.si\/index.php?rest_route=\/wp\/v2\/pages\/40\/revisions"}],"predecessor-version":[{"id":24013,"href":"https:\/\/www.vrtec-dragatus.si\/index.php?rest_route=\/wp\/v2\/pages\/40\/revisions\/24013"}],"wp:attachment":[{"href":"https:\/\/www.vrtec-dragatus.si\/index.php?rest_route=%2Fwp%2Fv2%2Fmedia&parent=40"}],"curies":[{"name":"wp","href":"https:\/\/api.w.org\/{rel}","templated":true}]}}