{"id":3411,"date":"2016-11-29T10:47:32","date_gmt":"2016-11-29T09:47:32","guid":{"rendered":"http:\/\/vrtec-dragatu.splet.arnes.si\/?page_id=3411"},"modified":"2023-12-12T10:58:18","modified_gmt":"2023-12-12T09:58:18","slug":"kam-po-pomoc","status":"publish","type":"page","link":"https:\/\/www.vrtec-dragatus.si\/?page_id=3411","title":{"rendered":"Kam po pomo\u010d?"},"content":{"rendered":"<p><a href=\"http:\/\/www.osmsn.si\/svetovalnica\/\" target=\"_blank\" rel=\"noopener\">Svetovalnica \u010crnomelj<\/a><\/p>\n<h4>ZD \u010crnomelj &#8211; Psiholo\u0161ka ambulanta (<a href=\"https:\/\/zd-crnomelj.si\/blog\/doctors\/dispanzer-za-mentalno-zdravje\/\" target=\"_blank\" rel=\"noopener noreferrer\">https:\/\/zd-crnomelj.si\/blog\/doctors\/dispanzer-za-mentalno-zdravje\/)<\/a><\/h4>\n<div>&nbsp;<\/div>\n<div>\n<h4>Razvojna ambulanta Novo mesto (<a href=\"https:\/\/www.zd-nm.si\/razvojna-ambulanta\" target=\"_blank\" rel=\"noopener noreferrer\">https:\/\/www.zd-nm.si\/razvojna-ambulanta)<\/a><\/h4>\n<\/div>\n<div>&nbsp;<\/div>\n<h4>Posvetovalnica Novo mesto (<a href=\"https:\/\/www.posvetovalnica.si\/\" target=\"_blank\" rel=\"noopener noreferrer\">https:\/\/www.posvetovalnica.si\/)<\/a><\/h4>\n<h5>&nbsp;<\/h5>\n<h4>Svetovalni center za otroke, mladostnike in star\u0161e Ljubljana (<a href=\"https:\/\/www.scoms-lj.si\/\" target=\"_blank\" rel=\"noopener noreferrer\">https:\/\/www.scoms-lj.si\/)<\/a><\/h4>\n<div>&nbsp;<\/div>\n<h4>MKZ Rakitna &#8211; \u0160ola lulanja (<a href=\"https:\/\/mkz-rakitna.si\/programi\/sola-lulanja\/\" target=\"_blank\" rel=\"noopener noreferrer\">https:\/\/mkz-rakitna.si\/programi\/sola-lulanja\/)<\/a><\/h4>\n<div>&nbsp;<\/div>\n","protected":false},"excerpt":{"rendered":"<p>Svetovalnica \u010crnomelj ZD \u010crnomelj &#8211; Psiholo\u0161ka ambulanta (https:\/\/zd-crnomelj.si\/blog\/doctors\/dispanzer-za-mentalno-zdravje\/) &nbsp; Razvojna ambulanta Novo mesto (https:\/\/www.zd-nm.si\/razvojna-ambulanta) &nbsp; Posvetovalnica Novo mesto (https:\/\/www.posvetovalnica.si\/) &nbsp; Svetovalni center za otroke, mladostnike in star\u0161e Ljubljana (https:\/\/www.scoms-lj.si\/) &nbsp; MKZ Rakitna &#8211; \u0160ola lulanja (https:\/\/mkz-rakitna.si\/programi\/sola-lulanja\/) &nbsp;<\/p>\n","protected":false},"author":2787,"featured_media":0,"parent":0,"menu_order":0,"comment_status":"closed","ping_status":"closed","template":"","meta":{"ngg_post_thumbnail":0,"footnotes":""},"class_list":["post-3411","page","type-page","status-publish","hentry"],"publishpress_future_action":{"enabled":false,"date":"2026-05-24 00:39:24","action":"change-status","newStatus":"draft","terms":[],"taxonomy":"","extraData":[]},"publishpress_future_workflow_manual_trigger":{"enabledWorkflows":[]},"_links":{"self":[{"href":"https:\/\/www.vrtec-dragatus.si\/index.php?rest_route=\/wp\/v2\/pages\/3411","targetHints":{"allow":["GET"]}}],"collection":[{"href":"https:\/\/www.vrtec-dragatus.si\/index.php?rest_route=\/wp\/v2\/pages"}],"about":[{"href":"https:\/\/www.vrtec-dragatus.si\/index.php?rest_route=\/wp\/v2\/types\/page"}],"author":[{"embeddable":true,"href":"https:\/\/www.vrtec-dragatus.si\/index.php?rest_route=\/wp\/v2\/users\/2787"}],"replies":[{"embeddable":true,"href":"https:\/\/www.vrtec-dragatus.si\/index.php?rest_route=%2Fwp%2Fv2%2Fcomments&post=3411"}],"version-history":[{"count":4,"href":"https:\/\/www.vrtec-dragatus.si\/index.php?rest_route=\/wp\/v2\/pages\/3411\/revisions"}],"predecessor-version":[{"id":23262,"href":"https:\/\/www.vrtec-dragatus.si\/index.php?rest_route=\/wp\/v2\/pages\/3411\/revisions\/23262"}],"wp:attachment":[{"href":"https:\/\/www.vrtec-dragatus.si\/index.php?rest_route=%2Fwp%2Fv2%2Fmedia&parent=3411"}],"curies":[{"name":"wp","href":"https:\/\/api.w.org\/{rel}","templated":true}]}}