{"id":31,"date":"2014-09-22T09:03:08","date_gmt":"2014-09-22T07:03:08","guid":{"rendered":"http:\/\/vrtec-dragatu.splet.arnes.si\/?page_id=31"},"modified":"2024-10-03T09:49:23","modified_gmt":"2024-10-03T07:49:23","slug":"osnovne-informacije","status":"publish","type":"page","link":"https:\/\/www.vrtec-dragatus.si\/?page_id=31","title":{"rendered":"Osnovne informacije"},"content":{"rendered":"<p><span style=\"color: #000000\">Temeljni cilj svetovalne slu\u017ebe v vrtcu je omogo\u010diti in podpreti najbolj\u0161i mo\u017eni razvoj vsakega otroka, ne glede na spol, socialni in kulturni izvor, veroizpoved, narodno pripadnost ter telesno ali du\u0161evno konstitucijo.<\/span><\/p>\n<p><span style=\"color: #000000\">Delo svetovalne slu\u017ebe je namenjeno vsem otrokom, ki so vklju\u010deni v na\u0161 vrtec. Svetovalna slu\u017eba v vrtcu sodeluje s strokovnimi delavci, vodstvom, zunanjimi strokovnimi ustanovami.<\/span><\/p>\n<p><span style=\"color: #000000\">S svetovalno delavko se lahko posvetujete o razli\u010dnih temah, ki vas zanimajo ali skrbijo: vpis otroka v vrtec, izpis otroka, prosta mesta v vrtcu, priprava in vklju\u010ditev otroka v vrtec, posvetovanje o vzgoji in otrokovem razvoju, priprava in vstop otroka v \u0161olo, posvetovanje ob kriti\u010dnih situacijah v dru\u017eini (rojstvo sorojenca, razveza ali lo\u010ditev, selitev &#8230;) &#8230;<\/span><\/p>\n<p><span style=\"color: #000000\">Svetovalni odnos temelji na dogovoru s posameznimi udele\u017eenci. Poteka na osnovi prostovoljnosti vsakega posameznega udele\u017eenca, na osnovi zaupnosti podatkov, dogovora in v dobrobit otroka.<\/span><\/p>\n<p style=\"text-align: right\"><span style=\"color: #000000\">Silva Nagode, univ. dipl. socialni pedagog<\/span><\/p>\n","protected":false},"excerpt":{"rendered":"<p>Temeljni cilj svetovalne slu\u017ebe v vrtcu je omogo\u010diti in podpreti najbolj\u0161i mo\u017eni razvoj vsakega otroka, ne glede na spol, socialni in kulturni izvor, veroizpoved, narodno pripadnost ter telesno ali du\u0161evno konstitucijo. Delo svetovalne slu\u017ebe je namenjeno vsem otrokom, ki so &hellip; <a href=\"https:\/\/www.vrtec-dragatus.si\/?page_id=31\">Beri naprej <span class=\"meta-nav\">&rarr;<\/span><\/a><\/p>\n","protected":false},"author":93194,"featured_media":0,"parent":0,"menu_order":0,"comment_status":"open","ping_status":"closed","template":"","meta":{"ngg_post_thumbnail":0,"footnotes":"","_expiration-date-status":"","_expiration-date":0,"_expiration-date-type":"","_expiration-date-categories":[],"_expiration-date-options":[]},"class_list":["post-31","page","type-page","status-publish","hentry"],"_links":{"self":[{"href":"https:\/\/www.vrtec-dragatus.si\/index.php?rest_route=\/wp\/v2\/pages\/31","targetHints":{"allow":["GET"]}}],"collection":[{"href":"https:\/\/www.vrtec-dragatus.si\/index.php?rest_route=\/wp\/v2\/pages"}],"about":[{"href":"https:\/\/www.vrtec-dragatus.si\/index.php?rest_route=\/wp\/v2\/types\/page"}],"author":[{"embeddable":true,"href":"https:\/\/www.vrtec-dragatus.si\/index.php?rest_route=\/wp\/v2\/users\/93194"}],"replies":[{"embeddable":true,"href":"https:\/\/www.vrtec-dragatus.si\/index.php?rest_route=%2Fwp%2Fv2%2Fcomments&post=31"}],"version-history":[{"count":2,"href":"https:\/\/www.vrtec-dragatus.si\/index.php?rest_route=\/wp\/v2\/pages\/31\/revisions"}],"predecessor-version":[{"id":118,"href":"https:\/\/www.vrtec-dragatus.si\/index.php?rest_route=\/wp\/v2\/pages\/31\/revisions\/118"}],"wp:attachment":[{"href":"https:\/\/www.vrtec-dragatus.si\/index.php?rest_route=%2Fwp%2Fv2%2Fmedia&parent=31"}],"curies":[{"name":"wp","href":"https:\/\/api.w.org\/{rel}","templated":true}]}}