{"id":23065,"date":"2023-10-25T09:52:47","date_gmt":"2023-10-25T07:52:47","guid":{"rendered":"https:\/\/vrtec-dragatu.splet.arnes.si\/?page_id=23065"},"modified":"2024-10-03T09:47:57","modified_gmt":"2024-10-03T07:47:57","slug":"arhiv-aktualno","status":"publish","type":"page","link":"https:\/\/www.vrtec-dragatus.si\/?page_id=23065","title":{"rendered":"Arhiv AKTUALNO"},"content":{"rendered":"<p>&nbsp;<\/p>\n<ul>\n<li><em>Spo\u0161tovani star\u0161i, obve\u0161\u010dam vas, da so se v vrtcu pojavile naglavne u\u0161i. Ve\u010d o odstranjevanju u\u0161i si lahko preberete na spletni strani NIJZ-ja: <\/em><em><a href=\"http:\/\/www.nijz.si\/sl\/usi-naglavne-usi\" target=\"_blank\" rel=\"noopener\">http:\/\/www.nijz.si\/sl\/usi-naglavne-usi<\/a> in v prispevku <a href=\"https:\/\/www.vrtec-dragatus.si\/files\/2023\/10\/Odstranjevanje-usi.pdf\" target=\"_blank\" rel=\"noopener\">Odstranjevanje u\u0161i, preventiva &#8230;<\/a><\/em><\/li>\n<\/ul>\n","protected":false},"excerpt":{"rendered":"<p>&nbsp; Spo\u0161tovani star\u0161i, obve\u0161\u010dam vas, da so se v vrtcu pojavile naglavne u\u0161i. Ve\u010d o odstranjevanju u\u0161i si lahko preberete na spletni strani NIJZ-ja: http:\/\/www.nijz.si\/sl\/usi-naglavne-usi in v prispevku Odstranjevanje u\u0161i, preventiva &#8230;<\/p>\n","protected":false},"author":93194,"featured_media":0,"parent":0,"menu_order":0,"comment_status":"closed","ping_status":"closed","template":"","meta":{"ngg_post_thumbnail":0,"footnotes":"","_expiration-date-status":"","_expiration-date":0,"_expiration-date-type":"","_expiration-date-categories":[],"_expiration-date-options":[]},"class_list":["post-23065","page","type-page","status-publish","hentry"],"_links":{"self":[{"href":"https:\/\/www.vrtec-dragatus.si\/index.php?rest_route=\/wp\/v2\/pages\/23065","targetHints":{"allow":["GET"]}}],"collection":[{"href":"https:\/\/www.vrtec-dragatus.si\/index.php?rest_route=\/wp\/v2\/pages"}],"about":[{"href":"https:\/\/www.vrtec-dragatus.si\/index.php?rest_route=\/wp\/v2\/types\/page"}],"author":[{"embeddable":true,"href":"https:\/\/www.vrtec-dragatus.si\/index.php?rest_route=\/wp\/v2\/users\/93194"}],"replies":[{"embeddable":true,"href":"https:\/\/www.vrtec-dragatus.si\/index.php?rest_route=%2Fwp%2Fv2%2Fcomments&post=23065"}],"version-history":[{"count":6,"href":"https:\/\/www.vrtec-dragatus.si\/index.php?rest_route=\/wp\/v2\/pages\/23065\/revisions"}],"predecessor-version":[{"id":23992,"href":"https:\/\/www.vrtec-dragatus.si\/index.php?rest_route=\/wp\/v2\/pages\/23065\/revisions\/23992"}],"wp:attachment":[{"href":"https:\/\/www.vrtec-dragatus.si\/index.php?rest_route=%2Fwp%2Fv2%2Fmedia&parent=23065"}],"curies":[{"name":"wp","href":"https:\/\/api.w.org\/{rel}","templated":true}]}}