{"id":2269,"date":"2015-11-19T14:47:31","date_gmt":"2015-11-19T13:47:31","guid":{"rendered":"http:\/\/vrtec-dragatu.splet.arnes.si\/?page_id=2269"},"modified":"2025-12-08T11:00:30","modified_gmt":"2025-12-08T10:00:30","slug":"progeam-zdravje-v-vrtcu","status":"publish","type":"page","link":"https:\/\/www.vrtec-dragatus.si\/?page_id=2269","title":{"rendered":"Projekti"},"content":{"rendered":"<strong>PROJEKTI V LETU 2025\/2026:<\/strong>\r\n<ul>\r\n \t<li>Zdravje v vrtcu &#8211; NIJZ (<a href=\"https:\/\/www.vrtec-dragatus.si\/files\/2024\/11\/Zdravje-v-vrtcu_-Rdeca-nit-2024_2025.pdf\" target=\"_blank\" rel=\"noopener\">rde\u010da nit 2024_2025,<\/a> <a href=\"https:\/\/www.vrtec-dragatus.si\/files\/2024\/11\/LOGO.pdf\" target=\"_blank\" rel=\"noopener\">logotip programa<\/a>)<\/li>\r\n \t<li>Varno s soncem &#8211; NIJZ,<\/li>\r\n \t<li>Portfolio otrok,<\/li>\r\n \t<li>Mal\u010dek Bral\u010dek,<\/li>\r\n \t<li>Pravlji\u010dni potujo\u010di kov\u010dek,<\/li>\r\n \t<li>Teden mobilnosti,<\/li>\r\n \t<li>Cici vesela \u0161ola,<\/li>\r\n \t<li>Tradicionalni Slovenski zajtrk,<\/li>\r\n \t<li>\u0161portni program Mi\u0161ka Eli,<\/li>\r\n \t<li>Na\u0161a mala knji\u017enica.<\/li>\r\n<\/ul>\r\n&nbsp;\r\n\r\n<hr \/>\r\n\r\n&nbsp;\r\n\r\n<!-- \/wp:post-content -->","protected":false},"excerpt":{"rendered":"<p>PROJEKTI V LETU 2025\/2026: Zdravje v vrtcu &#8211; NIJZ (rde\u010da nit 2024_2025, logotip programa) Varno s soncem &#8211; NIJZ, Portfolio otrok, Mal\u010dek Bral\u010dek, Pravlji\u010dni potujo\u010di kov\u010dek, Teden mobilnosti, Cici vesela \u0161ola, Tradicionalni Slovenski zajtrk, \u0161portni program Mi\u0161ka Eli, Na\u0161a mala &hellip; <a href=\"https:\/\/www.vrtec-dragatus.si\/?page_id=2269\">Beri naprej <span class=\"meta-nav\">&rarr;<\/span><\/a><\/p>\n","protected":false},"author":93194,"featured_media":0,"parent":13045,"menu_order":0,"comment_status":"closed","ping_status":"closed","template":"","meta":{"ngg_post_thumbnail":0,"footnotes":"","_expiration-date-status":"","_expiration-date":0,"_expiration-date-type":"","_expiration-date-categories":[],"_expiration-date-options":[]},"class_list":["post-2269","page","type-page","status-publish","hentry"],"_links":{"self":[{"href":"https:\/\/www.vrtec-dragatus.si\/index.php?rest_route=\/wp\/v2\/pages\/2269","targetHints":{"allow":["GET"]}}],"collection":[{"href":"https:\/\/www.vrtec-dragatus.si\/index.php?rest_route=\/wp\/v2\/pages"}],"about":[{"href":"https:\/\/www.vrtec-dragatus.si\/index.php?rest_route=\/wp\/v2\/types\/page"}],"author":[{"embeddable":true,"href":"https:\/\/www.vrtec-dragatus.si\/index.php?rest_route=\/wp\/v2\/users\/93194"}],"replies":[{"embeddable":true,"href":"https:\/\/www.vrtec-dragatus.si\/index.php?rest_route=%2Fwp%2Fv2%2Fcomments&post=2269"}],"version-history":[{"count":15,"href":"https:\/\/www.vrtec-dragatus.si\/index.php?rest_route=\/wp\/v2\/pages\/2269\/revisions"}],"predecessor-version":[{"id":24764,"href":"https:\/\/www.vrtec-dragatus.si\/index.php?rest_route=\/wp\/v2\/pages\/2269\/revisions\/24764"}],"up":[{"embeddable":true,"href":"https:\/\/www.vrtec-dragatus.si\/index.php?rest_route=\/wp\/v2\/pages\/13045"}],"wp:attachment":[{"href":"https:\/\/www.vrtec-dragatus.si\/index.php?rest_route=%2Fwp%2Fv2%2Fmedia&parent=2269"}],"curies":[{"name":"wp","href":"https:\/\/api.w.org\/{rel}","templated":true}]}}