{"id":215,"date":"2014-10-06T11:42:19","date_gmt":"2014-10-06T09:42:19","guid":{"rendered":"http:\/\/vrtec-dragatu.splet.arnes.si\/?page_id=215"},"modified":"2024-10-03T09:52:22","modified_gmt":"2024-10-03T07:52:22","slug":"zhr","status":"publish","type":"page","link":"https:\/\/www.vrtec-dragatus.si\/?page_id=215","title":{"rendered":"ZHR"},"content":{"rendered":"<p><strong>NOVOSTI:<\/strong><\/p>\r\n<!-- \/wp:post-content -->\r\n\r\n<!-- wp:paragraph -->\r\n<p>Vklju\u010ditev v vrtec po preboleli nalezljivi bolezni ali oku\u017ebi &#8211; <a href=\"https:\/\/www.vrtec-dragatus.si\/files\/2023\/09\/strokovne-smernice-otrok-z-nalezljivo-boleznijo-tabela.pdf\" target=\"_blank\" rel=\"noreferrer noopener\" data-type=\"URL\" data-id=\"https:\/\/www.vrtec-dragatus.si\/files\/2023\/09\/strokovne-smernice-otrok-z-nalezljivo-boleznijo-tabela.pdf\">nove smernice<\/a>.<\/p>\r\n<!-- \/wp:paragraph -->\r\n\r\n<!-- wp:paragraph -->\r\n<p>Plakat &#8211; <a href=\"https:\/\/www.vrtec-dragatus.si\/files\/2023\/09\/zbolel-sem.pdf\" target=\"_blank\" rel=\"noreferrer noopener\" data-type=\"URL\" data-id=\"https:\/\/www.vrtec-dragatus.si\/files\/2023\/09\/zbolel-sem.pdf\">ZBOLEL SEM<\/a><\/p>\r\n<!-- \/wp:paragraph -->\r\n<p><a href=\"https:\/\/www.vrtec-dragatus.si\/files\/2023\/12\/Priporocila-za-vrtce_2023_dopolnitve_nov2023_KONCNA.pdf\" target=\"_blank\" rel=\"noopener\">Priporo\u010dila za ukrepanje v vrtcu ob nujnih stanjih<\/a><\/p>\r\n<p>&nbsp;<\/p>\r\n<p>&nbsp;<\/p>\r\n<p><span style=\"color: #0000ff\"><strong><u>Vklju\u010ditev otroka v vrtec po preboleli bolezni<\/u><\/strong><\/span> Smernice za vklju\u010ditev otrok&nbsp; v vrtce\/\u0161ole &nbsp;po preboleli bolezni so namenjene strokovnim delavcem vrtca, \u0161ole in star\u0161em. Cilj smernic je, da se poenoti dobra praksa varovanja zdravja otrok v primeru nalezljivih bolezni ali oku\u017eb z vidika ponovnega vklju\u010devanja v skupino. Z upo\u0161tevanjem priporo\u010dil se bo pomembno zmanj\u0161alo \u0161irjenje bolezni v vrtcih in \u0161olah in prispevalo k zagotavljanju zdravega okolja za otroke, vklju\u010dene v vrtce in \u0161ole. Ve\u010d si lahko preberete na spodnji povezavi: <strong><a href=\"https:\/\/www.vrtec-dragatus.si\/files\/2023\/01\/vkljucitev_v_vrtec_solo_po_preboleli_nalezljivi_bolezni_ali_okuzbi_smernice.pdf?customize_changeset_uuid=5d4feea5-81dd-4832-b2a6-16ba2bbdaf59&amp;customize_autosaved=on&amp;customize_messenger_channel=preview-1\" target=\"_blank\" rel=\"noreferrer noopener\" data-type=\"URL\" data-id=\"https:\/\/www.vrtec-dragatus.si\/files\/2023\/01\/vkljucitev_v_vrtec_solo_po_preboleli_nalezljivi_bolezni_ali_okuzbi_smernice.pdf\">Vklju\u010ditev v vrtec\/\u0161olo po preboleli nalezljivi bolezni ali oku\u017ebi &#8211; smernice<\/a><\/strong> Vir: NIJZ <span style=\"text-decoration: underline;color: #0000ff\"><strong>ZDRAVSTVENO HIGIENSKI RE\u017dIM V VRTCU<\/strong><\/span> V vrtcu zagotavljamo ustrezen zdravstveno-higienski re\u017eim in izvajanje predpisov z Zakonom o nalezljivih boleznih in drugimi predpisi. Zagotavljamo tak\u0161no organizacijo \u017eivljenja otrok, ki zagotavlja zdravo \u017eivljenje in varno ter prijetno po\u010dutje otrok. Zagotavljamo zdravo in higiensko neopore\u010dno hrano.&nbsp; Zagotavljamo zdravo okolje, v katerem \u017eivi otrok, dobro higieno prostorov, higieno igra\u010d in materiala za vzgojno delo. Skrbimo za urejeno igri\u0161\u010de. Poskrbimo za veliko bivanja in gibanja zunaj, skrbimo za prepre\u010devanje \u0161irjenja nalezljivih bolezni, nudimo hitro pomo\u010d ob morebitnih nesre\u010dah. <span style=\"color: #0000ff\"><strong>NAJPOGOSTEJ\u0160A OBOLENJA V VRTCU<\/strong><\/span> Najpogosteje prebolevajo otroci <strong>virusne oku\u017ebe dihal<\/strong>, ki jih povzro\u010da pribli\u017eno dvesto razli\u010dnih virusov, zato je nemogo\u010de, da bi zgradili obrambo proti vsem. Posledi\u010dno se kot zaplet ob prebolevanju vnetja zgornjih dihal pojavljajo vnetja u\u0161es. <strong>\u010crevesne virusne<\/strong> oku\u017ebe se v zadnjih letih pojavljajo pogosteje (rotavirusna driska). Vzrok je v na\u010dinu \u0161irjenja, t.j. preko predmetov (igra\u010de, kljuke,..), otrokovih rok in rok negovalnega osebja ter po zraku. Od otro\u0161kih izpu\u0161\u010dajnih bolezni se v vrtcu najpogosteje pojavljajo <strong>norice<\/strong>, posamezni primeri <strong>\u0161krlatinke<\/strong>, s<strong>linavke<\/strong> ter <strong>pete in \u0161este otro\u0161ke bolezni<\/strong>. Vse ostale otro\u0161ke bolezni, so zaradi dobre preceplenosti na\u0161ih otrok, postale prava redkost. Bolezni, ki sicer niso pogoste, se pa zardi zna\u010dilnosti mal\u010dkov lahko \u0161irijo na vrstnike, so \u0161e gnojno <strong>vnetje o\u010desne veznice<\/strong>, gnojna <strong>vnetja ko\u017ee<\/strong>, pozabiti pa ne smemo tudi <strong>\u010drevesnih parazitov<\/strong> (glist), <strong>garij<\/strong> in naglavnih <strong>u\u0161i<\/strong>. <span style=\"color: #0000ff\"><strong>BOLNI OTROCI V VRTCU<\/strong><\/span> Vzgojitelji ne morejo ustrezno poskrbeti za bolne otroke. Prav tako ti otroci predstavljajo nevarnost ostalim otrokom, zato je prav, da ti otroci ostajajo doma, kjer imajo ustrezno nego. <span style=\"color: #0000ff\"><strong>OTROK NE SODI V VRTEC, KADAR IMA NAVEDENE ZNAKE:<\/strong><\/span><\/p>\r\n<ul>\r\n<li>vro\u010dina, neobi\u010dajna utrujenost, te\u017eko dihanje, neprestani jok;<\/li>\r\n<li>driska ali bruhanje (ve\u010d kot 2x dnevno);<\/li>\r\n<li>gnojni izcedek iz nosu s kihanjem in ka\u0161ljanjem;<\/li>\r\n<li>gnojno vnetje o\u010di ali ko\u017ee;<\/li>\r\n<li>izpu\u0161\u010daj z vro\u010dino;<\/li>\r\n<li>ka\u0161elj v napadih z zahriplostjo;<\/li>\r\n<li>prisotnost u\u0161i, glist ali garij.<\/li>\r\n<\/ul>\r\n<p><span style=\"color: #0000ff\"><strong>OBVEZNOST STAR\u0160EV V PRIMERU BOLEZNI OTROKA<\/strong><\/span><\/p>\r\n<ul>\r\n<li>Vrtec \u010dim prej obvestite o vrsti nalezljivih bolezni, za katero je zbolel va\u0161 otrok;<\/li>\r\n<li>ko vas vzgojiteljica obvesti o otrokovi bolezni, je potrebno priti otroka \u010dim prej iskati;<\/li>\r\n<li>otrok sme ponovno v vrtec, ko je zdrav in vsaj 2 dni nima vro\u010dine,&nbsp;po 48 urah od zadnjega bruhanja ali driske &#8230;<\/li>\r\n<\/ul>\r\n<p>.<\/p>\r\n<p style=\"text-align: right\">Jo\u017eica Medve\u0161ek Grobov\u0161ek<\/p>","protected":false},"excerpt":{"rendered":"<p>NOVOSTI: Vklju\u010ditev v vrtec po preboleli nalezljivi bolezni ali oku\u017ebi &#8211; nove smernice. Plakat &#8211; ZBOLEL SEM Priporo\u010dila za ukrepanje v vrtcu ob nujnih stanjih &nbsp; &nbsp; Vklju\u010ditev otroka v vrtec po preboleli bolezni Smernice za vklju\u010ditev otrok&nbsp; v vrtce\/\u0161ole &hellip; <a href=\"https:\/\/www.vrtec-dragatus.si\/?page_id=215\">Beri naprej <span class=\"meta-nav\">&rarr;<\/span><\/a><\/p>\n","protected":false},"author":93194,"featured_media":0,"parent":0,"menu_order":0,"comment_status":"closed","ping_status":"closed","template":"","meta":{"ngg_post_thumbnail":0,"footnotes":"","_expiration-date-status":"","_expiration-date":0,"_expiration-date-type":"","_expiration-date-categories":[],"_expiration-date-options":[]},"class_list":["post-215","page","type-page","status-publish","hentry"],"_links":{"self":[{"href":"https:\/\/www.vrtec-dragatus.si\/index.php?rest_route=\/wp\/v2\/pages\/215","targetHints":{"allow":["GET"]}}],"collection":[{"href":"https:\/\/www.vrtec-dragatus.si\/index.php?rest_route=\/wp\/v2\/pages"}],"about":[{"href":"https:\/\/www.vrtec-dragatus.si\/index.php?rest_route=\/wp\/v2\/types\/page"}],"author":[{"embeddable":true,"href":"https:\/\/www.vrtec-dragatus.si\/index.php?rest_route=\/wp\/v2\/users\/93194"}],"replies":[{"embeddable":true,"href":"https:\/\/www.vrtec-dragatus.si\/index.php?rest_route=%2Fwp%2Fv2%2Fcomments&post=215"}],"version-history":[{"count":17,"href":"https:\/\/www.vrtec-dragatus.si\/index.php?rest_route=\/wp\/v2\/pages\/215\/revisions"}],"predecessor-version":[{"id":23250,"href":"https:\/\/www.vrtec-dragatus.si\/index.php?rest_route=\/wp\/v2\/pages\/215\/revisions\/23250"}],"wp:attachment":[{"href":"https:\/\/www.vrtec-dragatus.si\/index.php?rest_route=%2Fwp%2Fv2%2Fmedia&parent=215"}],"curies":[{"name":"wp","href":"https:\/\/api.w.org\/{rel}","templated":true}]}}