{"id":18,"date":"2014-09-22T08:58:05","date_gmt":"2014-09-22T06:58:05","guid":{"rendered":"http:\/\/vrtec-dragatu.splet.arnes.si\/?page_id=18"},"modified":"2024-10-03T09:50:39","modified_gmt":"2024-10-03T07:50:39","slug":"program-vrtca","status":"publish","type":"page","link":"https:\/\/www.vrtec-dragatus.si\/?page_id=18","title":{"rendered":"Program vrtca"},"content":{"rendered":"<p><span style=\"color: #000080\"><strong>PREDSTAVITEV PROGRAMA<\/strong><\/span><\/p>\n<p><span style=\"color: #000000\">Temeljne naloge vrtca so pomo\u010d star\u0161em pri celoviti skrbi za otroke, izbolj\u0161anje kvalitete \u017eivljenja dru\u017ein, ustvarjanje pogojev za\u00a0 razvoj otrokovih telesnih in du\u0161evnih sposobnosti. Te naloge uresni\u010dujemo s programi, ki jih dolo\u010da Zakon o vrtcih in so zasnovani v skladu s cilji in smernicami predpisanega nacionalnega Kurikuluma za vrtce.<\/span><\/p>\n<p><strong><span style=\"color: #800080\">KURIKULUM ZA VRTCE<\/span><\/strong><\/p>\n<p><span style=\"color: #000000\">Je nacionalni dokument in pomeni od 1. 10. 1999 dalje strokovno podlago za delo v vrtcih. V njem so opredeljena temeljna na\u010dela in cilji pred\u0161olske vzgoje. Oblikovan je na osnovi sodobnih spoznanj, da otrok dojema in razume svet celostno, da se razvija in u\u010di v aktivni povezavi s socialnim in fizi\u010dnim okoljem ter si v interakciji z otroki in odraslimi razvija lastno dru\u017ebenost in individualnost.<\/span><\/p>\n<p><strong><span style=\"color: #800080\">DNEVNI PROGRAM<\/span><\/strong><\/p>\n<p><span style=\"color: #000000\">V vseh oddelkih vrtca izvajamo dnevni program, ki traja od 6 do 9 ur.<\/span><\/p>\n<p><span style=\"color: #000000\">Otroke vklju\u010dujemo v oddelke prvega (od 1 do 3 let) in oddelke drugega (od 3 let do vstopa v \u0161olo) starostnega obdobja ter v starostno kombiniran oddelek (od 1 do 6 let).<\/span><\/p>\n<p><span style=\"color: #000000\">Vzgojno delo poteka v oddelkih, ki so starostno homogeni (otroci enake starosti &#8211; razpon enega leta), v oddelkih, ki so starostno heterogeni (otroci so razli\u010dne starosti: od prvega do tretjega leta in od tretjega do \u0161estega leta).<\/span><\/p>\n<p><span style=\"color: #800080\"><strong>PRILAGOJENO IZVAJANJE PRED\u0160OLSKIH PROGRAMOV Z DODATNO STROKOVNO POMO\u010cJO<\/strong><\/span><\/p>\n<p>Ta program je namenjen otrokom s posebnimi potrebami, ki so vklju\u010deni v redne oddelke vrtca in potrebujejo za svoj razvoj ve\u010d spodbud. Zanje pripravljamo individualne programe. Pri izvajanju teh programov sodelujejo poleg vzgojiteljic in pomo\u010dnic tudi za to posebej usposobljeni strokovni delavci.<\/p>\n<p><span style=\"color: #000080\">\u00a0<strong>OBOGATITVENE DEJAVNOSTI<\/strong><\/span><\/p>\n<p>Vrtec ob\u010dasno, dalj\u0161i ali kraj\u0161i \u010das izvaja obogatitvene dejavnosti, ki sodijo v izvedbeni Kurikul vrtca oz. se izvajajo integrirano z osnovnim programom.<br \/>\nNa\u010drtujejo in izvajajo jih strokovni delavci vrtca v \u010dasu predpisane delovne obveznosti in so za star\u0161e ve\u010dinoma brezpla\u010dne (star\u0161i ob\u010dasno krijejo le dele\u017e stro\u0161kov prevoza ali vstopnine). Ob\u010dasno nam pri izvajanju dejavnosti pomagajo tudi zunanji sodelavci. Dejavnosti so na\u010drtovane z Letnim delovnim na\u010drtom vrtca in Letnim delovnim na\u010drtom posameznega oddelka.<\/p>\n<p>&nbsp;<\/p>\n<p>&nbsp;<\/p>\n","protected":false},"excerpt":{"rendered":"<p>PREDSTAVITEV PROGRAMA Temeljne naloge vrtca so pomo\u010d star\u0161em pri celoviti skrbi za otroke, izbolj\u0161anje kvalitete \u017eivljenja dru\u017ein, ustvarjanje pogojev za\u00a0 razvoj otrokovih telesnih in du\u0161evnih sposobnosti. Te naloge uresni\u010dujemo s programi, ki jih dolo\u010da Zakon o vrtcih in so zasnovani &hellip; <a href=\"https:\/\/www.vrtec-dragatus.si\/?page_id=18\">Beri naprej <span class=\"meta-nav\">&rarr;<\/span><\/a><\/p>\n","protected":false},"author":93194,"featured_media":0,"parent":0,"menu_order":0,"comment_status":"open","ping_status":"closed","template":"","meta":{"ngg_post_thumbnail":0,"footnotes":"","_expiration-date-status":"","_expiration-date":0,"_expiration-date-type":"","_expiration-date-categories":[],"_expiration-date-options":[]},"class_list":["post-18","page","type-page","status-publish","hentry"],"_links":{"self":[{"href":"https:\/\/www.vrtec-dragatus.si\/index.php?rest_route=\/wp\/v2\/pages\/18","targetHints":{"allow":["GET"]}}],"collection":[{"href":"https:\/\/www.vrtec-dragatus.si\/index.php?rest_route=\/wp\/v2\/pages"}],"about":[{"href":"https:\/\/www.vrtec-dragatus.si\/index.php?rest_route=\/wp\/v2\/types\/page"}],"author":[{"embeddable":true,"href":"https:\/\/www.vrtec-dragatus.si\/index.php?rest_route=\/wp\/v2\/users\/93194"}],"replies":[{"embeddable":true,"href":"https:\/\/www.vrtec-dragatus.si\/index.php?rest_route=%2Fwp%2Fv2%2Fcomments&post=18"}],"version-history":[{"count":8,"href":"https:\/\/www.vrtec-dragatus.si\/index.php?rest_route=\/wp\/v2\/pages\/18\/revisions"}],"predecessor-version":[{"id":2936,"href":"https:\/\/www.vrtec-dragatus.si\/index.php?rest_route=\/wp\/v2\/pages\/18\/revisions\/2936"}],"wp:attachment":[{"href":"https:\/\/www.vrtec-dragatus.si\/index.php?rest_route=%2Fwp%2Fv2%2Fmedia&parent=18"}],"curies":[{"name":"wp","href":"https:\/\/api.w.org\/{rel}","templated":true}]}}