{"id":17909,"date":"2021-01-02T09:14:03","date_gmt":"2021-01-02T08:14:03","guid":{"rendered":"http:\/\/vrtec-dragatu.splet.arnes.si\/?page_id=17909"},"modified":"2026-04-15T11:45:45","modified_gmt":"2026-04-15T09:45:45","slug":"predavanja-za-starse","status":"publish","type":"page","link":"https:\/\/www.vrtec-dragatus.si\/?page_id=17909","title":{"rendered":"SKUPINE"},"content":{"rendered":"<p><strong><span style=\"color: #000080\">SKUPINE V \u0160OLSKEM LETU 2025\/2026:<\/span><\/strong><\/p>\n<table style=\"height: 481px\" width=\"561\">\n<tbody>\n<tr>\n<td style=\"width: 276px\">\n<p style=\"text-align: center\"><span style=\"color: #000000\">&nbsp;Heterogen&nbsp; oddelek 1-3 let<br \/>\n&nbsp;(10 otrok)<\/span><\/p>\n<p style=\"text-align: center\"><strong><span style=\"color: #000000\">MEHUR\u010cKI<\/span><\/strong><\/p>\n<\/td>\n<td style=\"width: 425px\">\n<p style=\"text-align: center\"><span style=\"color: #000000\">Vzgojiteljica:<\/span><\/p>\n<p style=\"text-align: center\"><span style=\"color: #000000\">VESNA NO\u010c PAVLAKOVI\u010c<\/span><\/p>\n<p style=\"text-align: center\"><span style=\"color: #000000\">Vzgojiteljici pred\u0161olskih otrok &#8211; pomo\u010dnici vzgojiteljice:<\/span><\/p>\n<p style=\"text-align: center\"><span style=\"color: #000000\">&nbsp;\u0160PELA ADLE\u0160I\u010c<span style=\"font-family: inherit;font-size: inherit\">, TADEJA KOCJAN \u017dELJKO<\/span><\/span><\/p>\n<p>&nbsp; &nbsp; &nbsp; &nbsp; &nbsp; &nbsp; &nbsp; &nbsp; &nbsp; &nbsp; &nbsp; &nbsp; &nbsp; &nbsp; Spremljevalka:<\/p>\n<p>&nbsp; &nbsp; &nbsp; &nbsp; &nbsp; &nbsp; &nbsp; &nbsp; &nbsp; &nbsp; &nbsp; &nbsp; &nbsp; VANJA VESELI\u010c<\/td>\n<\/tr>\n<tr>\n<td style=\"text-align: center;width: 276px\"><span style=\"color: #000000\">Kombiniran oddelek 2\u20135 let<\/span><br \/>\n<span style=\"color: #000000\"><strong>&nbsp;<\/strong>(19 otrok)<\/span><span style=\"color: #000000\"><b>\u010cEBELICE<\/b><\/span><\/td>\n<td style=\"text-align: center;width: 425px\"><span style=\"color: #000000\">Vzgojiteljica:<\/span><\/p>\n<p><span style=\"color: #000000\">BARBARA \u0160U\u0160TARI\u010c<\/span><\/p>\n<p><span style=\"color: #000000\">Vzgojiteljici pred\u0161olskih otrok &#8211; pomo\u010dnici vzgojiteljice: <\/span><\/p>\n<p><span style=\"color: #000000\"><span style=\"font-family: inherit;font-size: inherit\">\u0160PELA GARANTINI, TADEJA KOCJAN \u017dELJKO<\/span><\/span><\/td>\n<\/tr>\n<tr>\n<td style=\"text-align: center;width: 276px\"><span style=\"color: #000000\">Heterogen oddelek 4\u20136 let<\/span><br \/>\n<span style=\"color: #000000\"><strong>&nbsp;<\/strong>(21 otrok) <\/span><span style=\"color: #000000\"><strong>CICIBANI<\/strong><\/span><\/td>\n<td style=\"text-align: center;width: 425px\"><span style=\"color: #000000\">Vzgojiteljica:<\/span><\/p>\n<p><span style=\"color: #000000\">ALENKA \u0160IMEC<\/span><\/p>\n<p><span style=\"color: #000000\">Vzgojiteljici pred\u0161olskih otrok &#8211; pomo\u010dnici vzgojiteljice:<\/span><\/p>\n<p>MARU\u0160A DIVJAK, TADEJA KOCJAN \u017dELJKO<\/td>\n<\/tr>\n<\/tbody>\n<\/table>\n<p>&nbsp;<\/p>\n","protected":false},"excerpt":{"rendered":"<p>SKUPINE V \u0160OLSKEM LETU 2025\/2026: &nbsp;Heterogen&nbsp; oddelek 1-3 let &nbsp;(10 otrok) MEHUR\u010cKI Vzgojiteljica: VESNA NO\u010c PAVLAKOVI\u010c Vzgojiteljici pred\u0161olskih otrok &#8211; pomo\u010dnici vzgojiteljice: &nbsp;\u0160PELA ADLE\u0160I\u010c, TADEJA KOCJAN \u017dELJKO &nbsp; &nbsp; &nbsp; &nbsp; &nbsp; &nbsp; &nbsp; &nbsp; &nbsp; &nbsp; &nbsp; &nbsp; &nbsp; &hellip; <a href=\"https:\/\/www.vrtec-dragatus.si\/?page_id=17909\">Beri naprej <span class=\"meta-nav\">&rarr;<\/span><\/a><\/p>\n","protected":false},"author":93194,"featured_media":0,"parent":0,"menu_order":0,"comment_status":"closed","ping_status":"closed","template":"","meta":{"ngg_post_thumbnail":0,"footnotes":"","_expiration-date-status":"","_expiration-date":0,"_expiration-date-type":"","_expiration-date-categories":[],"_expiration-date-options":[]},"class_list":["post-17909","page","type-page","status-publish","hentry"],"_links":{"self":[{"href":"https:\/\/www.vrtec-dragatus.si\/index.php?rest_route=\/wp\/v2\/pages\/17909","targetHints":{"allow":["GET"]}}],"collection":[{"href":"https:\/\/www.vrtec-dragatus.si\/index.php?rest_route=\/wp\/v2\/pages"}],"about":[{"href":"https:\/\/www.vrtec-dragatus.si\/index.php?rest_route=\/wp\/v2\/types\/page"}],"author":[{"embeddable":true,"href":"https:\/\/www.vrtec-dragatus.si\/index.php?rest_route=\/wp\/v2\/users\/93194"}],"replies":[{"embeddable":true,"href":"https:\/\/www.vrtec-dragatus.si\/index.php?rest_route=%2Fwp%2Fv2%2Fcomments&post=17909"}],"version-history":[{"count":15,"href":"https:\/\/www.vrtec-dragatus.si\/index.php?rest_route=\/wp\/v2\/pages\/17909\/revisions"}],"predecessor-version":[{"id":24894,"href":"https:\/\/www.vrtec-dragatus.si\/index.php?rest_route=\/wp\/v2\/pages\/17909\/revisions\/24894"}],"wp:attachment":[{"href":"https:\/\/www.vrtec-dragatus.si\/index.php?rest_route=%2Fwp%2Fv2%2Fmedia&parent=17909"}],"curies":[{"name":"wp","href":"https:\/\/api.w.org\/{rel}","templated":true}]}}